{"id":16,"date":"2025-05-28T13:26:16","date_gmt":"2025-05-28T13:26:16","guid":{"rendered":"https:\/\/navajowhite-chough-877918.hostingersite.com\/?page_id=16"},"modified":"2025-06-04T12:55:01","modified_gmt":"2025-06-04T12:55:01","slug":"contact-us","status":"publish","type":"page","link":"https:\/\/karrotrecdurres.al\/sq\/contact-us\/","title":{"rendered":"Kontakt"},"content":{"rendered":"<div data-elementor-type=\"wp-page\" data-elementor-id=\"16\" class=\"elementor elementor-16\" data-elementor-post-type=\"page\">\n\t\t\t\t<div class=\"elementor-element elementor-element-1261d3f e-flex e-con-boxed e-con e-parent\" data-id=\"1261d3f\" data-element_type=\"container\" data-settings=\"{&quot;background_background&quot;:&quot;classic&quot;}\">\n\t\t\t\t\t<div class=\"e-con-inner\">\n\t\t\t\t<div class=\"elementor-element elementor-element-dd4567e elementor-widget elementor-widget-heading\" data-id=\"dd4567e\" data-element_type=\"widget\" data-widget_type=\"heading.default\">\n\t\t\t\t<div class=\"elementor-widget-container\">\n\t\t\t\t\t<h1 class=\"elementor-heading-title elementor-size-default\">Na Kontaktoni<\/h1>\t\t\t\t<\/div>\n\t\t\t\t<\/div>\n\t\t\t\t<div class=\"elementor-element elementor-element-a6e2d7c elementor-widget-divider--view-line elementor-widget elementor-widget-divider\" data-id=\"a6e2d7c\" data-element_type=\"widget\" data-widget_type=\"divider.default\">\n\t\t\t\t<div class=\"elementor-widget-container\">\n\t\t\t\t\t\t\t<div class=\"elementor-divider\">\n\t\t\t<span class=\"elementor-divider-separator\">\n\t\t\t\t\t\t<\/span>\n\t\t<\/div>\n\t\t\t\t\t\t<\/div>\n\t\t\t\t<\/div>\n\t\t\t\t<div class=\"elementor-element elementor-element-ed4bd3e elementor-widget elementor-widget-heading\" data-id=\"ed4bd3e\" data-element_type=\"widget\" data-widget_type=\"heading.default\">\n\t\t\t\t<div class=\"elementor-widget-container\">\n\t\t\t\t\t<p class=\"elementor-heading-title elementor-size-default\">Do t\u00eb na p\u00eblqente shum\u00eb t\u00eb d\u00ebgjonim nga ju.<\/p>\t\t\t\t<\/div>\n\t\t\t\t<\/div>\n\t\t\t\t\t<\/div>\n\t\t\t\t<\/div>\n\t\t<div class=\"elementor-element elementor-element-462e1e1 e-flex e-con-boxed e-con e-parent\" data-id=\"462e1e1\" data-element_type=\"container\">\n\t\t\t\t\t<div class=\"e-con-inner\">\n\t\t<div class=\"elementor-element elementor-element-4f8a3ce e-con-full e-flex e-con e-child\" data-id=\"4f8a3ce\" data-element_type=\"container\">\n\t\t<div class=\"elementor-element elementor-element-1ae24fa e-con-full e-flex e-con e-child\" data-id=\"1ae24fa\" data-element_type=\"container\" data-settings=\"{&quot;background_background&quot;:&quot;classic&quot;}\">\n\t\t\t\t<div class=\"elementor-element elementor-element-3c8d387 elementor-widget elementor-widget-text-editor\" data-id=\"3c8d387\" data-element_type=\"widget\" data-widget_type=\"text-editor.default\">\n\t\t\t\t<div class=\"elementor-widget-container\">\n\t\t\t\t\t\t\t\t\t<p>Informacione kontakti<\/p>\t\t\t\t\t\t\t\t<\/div>\n\t\t\t\t<\/div>\n\t\t\t\t<div class=\"elementor-element elementor-element-c1efa9a elementor-widget elementor-widget-heading\" data-id=\"c1efa9a\" data-element_type=\"widget\" data-widget_type=\"heading.default\">\n\t\t\t\t<div class=\"elementor-widget-container\">\n\t\t\t\t\t<h2 class=\"elementor-heading-title elementor-size-default\">Ku t\u00eb na gjeni<\/h2>\t\t\t\t<\/div>\n\t\t\t\t<\/div>\n\t\t\t\t<div class=\"elementor-element elementor-element-0f44717 elementor-widget-divider--view-line elementor-widget elementor-widget-divider\" data-id=\"0f44717\" data-element_type=\"widget\" data-widget_type=\"divider.default\">\n\t\t\t\t<div class=\"elementor-widget-container\">\n\t\t\t\t\t\t\t<div class=\"elementor-divider\">\n\t\t\t<span class=\"elementor-divider-separator\">\n\t\t\t\t\t\t<\/span>\n\t\t<\/div>\n\t\t\t\t\t\t<\/div>\n\t\t\t\t<\/div>\n\t\t\t\t<div class=\"elementor-element elementor-element-146c633 elementor-widget elementor-widget-text-editor\" data-id=\"146c633\" data-element_type=\"widget\" data-widget_type=\"text-editor.default\">\n\t\t\t\t<div class=\"elementor-widget-container\">\n\t\t\t\t\t\t\t\t\t<p>Ne ofrojm\u00eb sh\u00ebrbime t\u00eb shpejta rimorkimi n\u00eb t\u00eb gjith\u00eb qytetin e Durr\u00ebsit dhe zonat p\u00ebrreth.<\/p>\t\t\t\t\t\t\t\t<\/div>\n\t\t\t\t<\/div>\n\t\t<div class=\"elementor-element elementor-element-d063372 e-con-full e-flex e-con e-child\" data-id=\"d063372\" data-element_type=\"container\">\n\t\t\t\t<div class=\"elementor-element elementor-element-fd2781c elementor-shape-square elementor-widget__width-auto elementor-view-stacked elementor-widget elementor-widget-icon\" data-id=\"fd2781c\" data-element_type=\"widget\" data-widget_type=\"icon.default\">\n\t\t\t\t<div class=\"elementor-widget-container\">\n\t\t\t\t\t\t\t<div class=\"elementor-icon-wrapper\">\n\t\t\t<div class=\"elementor-icon\">\n\t\t\t<svg aria-hidden=\"true\" class=\"e-font-icon-svg e-fas-map-pin\" viewbox=\"0 0 288 512\" xmlns=\"http:\/\/www.w3.org\/2000\/svg\"><path d=\"M112 316.94v156.69l22.02 33.02c4.75 7.12 15.22 7.12 19.97 0L176 473.63V316.94c-10.39 1.92-21.06 3.06-32 3.06s-21.61-1.14-32-3.06zM144 0C64.47 0 0 64.47 0 144s64.47 144 144 144 144-64.47 144-144S223.53 0 144 0zm0 76c-37.5 0-68 30.5-68 68 0 6.62-5.38 12-12 12s-12-5.38-12-12c0-50.73 41.28-92 92-92 6.62 0 12 5.38 12 12s-5.38 12-12 12z\"><\/path><\/svg>\t\t\t<\/div>\n\t\t<\/div>\n\t\t\t\t\t\t<\/div>\n\t\t\t\t<\/div>\n\t\t<div class=\"elementor-element elementor-element-ec690db e-con-full e-flex e-con e-child\" data-id=\"ec690db\" data-element_type=\"container\">\n\t\t\t\t<div class=\"elementor-element elementor-element-d464e4d elementor-widget__width-initial elementor-widget elementor-widget-text-editor\" data-id=\"d464e4d\" data-element_type=\"widget\" data-widget_type=\"text-editor.default\">\n\t\t\t\t<div class=\"elementor-widget-container\">\n\t\t\t\t\t\t\t\t\tVENDNDODHJA\t\t\t\t\t\t\t\t<\/div>\n\t\t\t\t<\/div>\n\t\t\t\t<div class=\"elementor-element elementor-element-b6da5a2 elementor-widget elementor-widget-text-editor\" data-id=\"b6da5a2\" data-element_type=\"widget\" data-widget_type=\"text-editor.default\">\n\t\t\t\t<div class=\"elementor-widget-container\">\n\t\t\t\t\t\t\t\t\tAutoriteti Portual, Durres, Albania\t\t\t\t\t\t\t\t<\/div>\n\t\t\t\t<\/div>\n\t\t\t\t<\/div>\n\t\t\t\t<\/div>\n\t\t<div class=\"elementor-element elementor-element-b6c96ef e-con-full e-flex e-con e-child\" data-id=\"b6c96ef\" data-element_type=\"container\">\n\t\t\t\t<div class=\"elementor-element elementor-element-d4d9c5a elementor-widget__width-auto elementor-view-stacked elementor-shape-square elementor-widget elementor-widget-icon\" data-id=\"d4d9c5a\" data-element_type=\"widget\" data-widget_type=\"icon.default\">\n\t\t\t\t<div class=\"elementor-widget-container\">\n\t\t\t\t\t\t\t<div class=\"elementor-icon-wrapper\">\n\t\t\t<div class=\"elementor-icon\">\n\t\t\t<svg aria-hidden=\"true\" class=\"e-font-icon-svg e-fas-envelope-open-text\" viewbox=\"0 0 512 512\" xmlns=\"http:\/\/www.w3.org\/2000\/svg\"><path d=\"M176 216h160c8.84 0 16-7.16 16-16v-16c0-8.84-7.16-16-16-16H176c-8.84 0-16 7.16-16 16v16c0 8.84 7.16 16 16 16zm-16 80c0 8.84 7.16 16 16 16h160c8.84 0 16-7.16 16-16v-16c0-8.84-7.16-16-16-16H176c-8.84 0-16 7.16-16 16v16zm96 121.13c-16.42 0-32.84-5.06-46.86-15.19L0 250.86V464c0 26.51 21.49 48 48 48h416c26.51 0 48-21.49 48-48V250.86L302.86 401.94c-14.02 10.12-30.44 15.19-46.86 15.19zm237.61-254.18c-8.85-6.94-17.24-13.47-29.61-22.81V96c0-26.51-21.49-48-48-48h-77.55c-3.04-2.2-5.87-4.26-9.04-6.56C312.6 29.17 279.2-.35 256 0c-23.2-.35-56.59 29.17-73.41 41.44-3.17 2.3-6 4.36-9.04 6.56H96c-26.51 0-48 21.49-48 48v44.14c-12.37 9.33-20.76 15.87-29.61 22.81A47.995 47.995 0 0 0 0 200.72v10.65l96 69.35V96h320v184.72l96-69.35v-10.65c0-14.74-6.78-28.67-18.39-37.77z\"><\/path><\/svg>\t\t\t<\/div>\n\t\t<\/div>\n\t\t\t\t\t\t<\/div>\n\t\t\t\t<\/div>\n\t\t<div class=\"elementor-element elementor-element-518b217 e-con-full e-flex e-con e-child\" data-id=\"518b217\" data-element_type=\"container\">\n\t\t\t\t<div class=\"elementor-element elementor-element-921efda elementor-widget__width-initial elementor-widget elementor-widget-text-editor\" data-id=\"921efda\" data-element_type=\"widget\" data-widget_type=\"text-editor.default\">\n\t\t\t\t<div class=\"elementor-widget-container\">\n\t\t\t\t\t\t\t\t\tEMAIL:\t\t\t\t\t\t\t\t<\/div>\n\t\t\t\t<\/div>\n\t\t\t\t<div class=\"elementor-element elementor-element-ae29bcd elementor-widget elementor-widget-text-editor\" data-id=\"ae29bcd\" data-element_type=\"widget\" data-widget_type=\"text-editor.default\">\n\t\t\t\t<div class=\"elementor-widget-container\">\n\t\t\t\t\t\t\t\t\t<p>durreskarrotrec@gmail.com<\/p>\t\t\t\t\t\t\t\t<\/div>\n\t\t\t\t<\/div>\n\t\t\t\t<\/div>\n\t\t\t\t<\/div>\n\t\t<div class=\"elementor-element elementor-element-6e46129 e-con-full e-flex e-con e-child\" data-id=\"6e46129\" data-element_type=\"container\">\n\t\t\t\t<div class=\"elementor-element elementor-element-9646cc1 elementor-widget__width-auto elementor-view-stacked elementor-shape-square elementor-widget elementor-widget-icon\" data-id=\"9646cc1\" data-element_type=\"widget\" data-widget_type=\"icon.default\">\n\t\t\t\t<div class=\"elementor-widget-container\">\n\t\t\t\t\t\t\t<div class=\"elementor-icon-wrapper\">\n\t\t\t<div class=\"elementor-icon\">\n\t\t\t<svg aria-hidden=\"true\" class=\"e-font-icon-svg e-fas-phone-alt\" viewbox=\"0 0 512 512\" xmlns=\"http:\/\/www.w3.org\/2000\/svg\"><path d=\"M497.39 361.8l-112-48a24 24 0 0 0-28 6.9l-49.6 60.6A370.66 370.66 0 0 1 130.6 204.11l60.6-49.6a23.94 23.94 0 0 0 6.9-28l-48-112A24.16 24.16 0 0 0 122.6.61l-104 24A24 24 0 0 0 0 48c0 256.5 207.9 464 464 464a24 24 0 0 0 23.4-18.6l24-104a24.29 24.29 0 0 0-14.01-27.6z\"><\/path><\/svg>\t\t\t<\/div>\n\t\t<\/div>\n\t\t\t\t\t\t<\/div>\n\t\t\t\t<\/div>\n\t\t<div class=\"elementor-element elementor-element-232cdf5 e-con-full e-flex e-con e-child\" data-id=\"232cdf5\" data-element_type=\"container\">\n\t\t\t\t<div class=\"elementor-element elementor-element-4bbc2ef elementor-widget__width-initial elementor-widget elementor-widget-text-editor\" data-id=\"4bbc2ef\" data-element_type=\"widget\" data-widget_type=\"text-editor.default\">\n\t\t\t\t<div class=\"elementor-widget-container\">\n\t\t\t\t\t\t\t\t\tTELEFON:\t\t\t\t\t\t\t\t<\/div>\n\t\t\t\t<\/div>\n\t\t\t\t<div class=\"elementor-element elementor-element-6c17a80 elementor-widget elementor-widget-text-editor\" data-id=\"6c17a80\" data-element_type=\"widget\" data-widget_type=\"text-editor.default\">\n\t\t\t\t<div class=\"elementor-widget-container\">\n\t\t\t\t\t\t\t\t\t<p>+355 68 43 13 406<\/p>\t\t\t\t\t\t\t\t<\/div>\n\t\t\t\t<\/div>\n\t\t\t\t<\/div>\n\t\t\t\t<\/div>\n\t\t\t\t<\/div>\n\t\t<div class=\"elementor-element elementor-element-b358528 e-con-full e-flex e-con e-child\" data-id=\"b358528\" data-element_type=\"container\" data-settings=\"{&quot;background_background&quot;:&quot;classic&quot;}\">\n\t\t\t\t<div class=\"elementor-element elementor-element-c94cb42 elementor-widget elementor-widget-spacer\" data-id=\"c94cb42\" data-element_type=\"widget\" data-widget_type=\"spacer.default\">\n\t\t\t\t<div class=\"elementor-widget-container\">\n\t\t\t\t\t\t\t<div class=\"elementor-spacer\">\n\t\t\t<div class=\"elementor-spacer-inner\"><\/div>\n\t\t<\/div>\n\t\t\t\t\t\t<\/div>\n\t\t\t\t<\/div>\n\t\t\t\t<\/div>\n\t\t\t\t<\/div>\n\t\t\t\t\t<\/div>\n\t\t\t\t<\/div>\n\t\t\t\t<\/div>","protected":false},"excerpt":{"rendered":"<p>Contact Us We would love to hear from you. Contact information Where to find us We offer fast towing services throughout Durr\u00ebs and surrounding areas. LOCATIONAutoriteti Portual, Durres, Albania EMAIL US: durreskarrotrec@gmail.com CALL US +355 68 43 13 406<\/p>","protected":false},"author":1,"featured_media":0,"parent":0,"menu_order":0,"comment_status":"closed","ping_status":"closed","template":"","meta":{"footnotes":""},"class_list":["post-16","page","type-page","status-publish","hentry"],"yoast_head":"<!-- This site is optimized with the Yoast SEO plugin v25.2 - https:\/\/yoast.com\/wordpress\/plugins\/seo\/ -->\n<title>Contact us - Karrotrec Durres LORI<\/title>\n<meta name=\"robots\" content=\"index, follow, max-snippet:-1, max-image-preview:large, max-video-preview:-1\" \/>\n<link rel=\"canonical\" href=\"https:\/\/karrotrecdurres.al\/sq\/contact-us\/\" \/>\n<meta property=\"og:locale\" content=\"sq_AL\" \/>\n<meta property=\"og:type\" content=\"article\" \/>\n<meta property=\"og:title\" content=\"Contact us - Karrotrec Durres LORI\" \/>\n<meta property=\"og:description\" content=\"Contact Us We would love to hear from you. Contact information Where to find us We offer fast towing services throughout Durr\u00ebs and surrounding areas. LOCATIONAutoriteti Portual, Durres, Albania EMAIL US: durreskarrotrec@gmail.com CALL US +355 68 43 13 406\" \/>\n<meta property=\"og:url\" content=\"https:\/\/karrotrecdurres.al\/sq\/contact-us\/\" \/>\n<meta property=\"og:site_name\" content=\"Karrotrec Durres LORI\" \/>\n<meta property=\"article:modified_time\" content=\"2025-06-04T12:55:01+00:00\" \/>\n<meta name=\"twitter:card\" content=\"summary_large_image\" \/>\n<script type=\"application\/ld+json\" class=\"yoast-schema-graph\">{\"@context\":\"https:\/\/schema.org\",\"@graph\":[{\"@type\":\"WebPage\",\"@id\":\"https:\/\/karrotrecdurres.al\/contact-us\/\",\"url\":\"https:\/\/karrotrecdurres.al\/contact-us\/\",\"name\":\"Contact us - Karrotrec Durres LORI\",\"isPartOf\":{\"@id\":\"https:\/\/karrotrecdurres.al\/#website\"},\"datePublished\":\"2025-05-28T13:26:16+00:00\",\"dateModified\":\"2025-06-04T12:55:01+00:00\",\"breadcrumb\":{\"@id\":\"https:\/\/karrotrecdurres.al\/contact-us\/#breadcrumb\"},\"inLanguage\":\"sq\",\"potentialAction\":[{\"@type\":\"ReadAction\",\"target\":[\"https:\/\/karrotrecdurres.al\/contact-us\/\"]}]},{\"@type\":\"BreadcrumbList\",\"@id\":\"https:\/\/karrotrecdurres.al\/contact-us\/#breadcrumb\",\"itemListElement\":[{\"@type\":\"ListItem\",\"position\":1,\"name\":\"Home\",\"item\":\"https:\/\/karrotrecdurres.al\/\"},{\"@type\":\"ListItem\",\"position\":2,\"name\":\"Contact us\"}]},{\"@type\":\"WebSite\",\"@id\":\"https:\/\/karrotrecdurres.al\/#website\",\"url\":\"https:\/\/karrotrecdurres.al\/\",\"name\":\"Karrotrec Durres LORI\",\"description\":\"\",\"publisher\":{\"@id\":\"https:\/\/karrotrecdurres.al\/#organization\"},\"potentialAction\":[{\"@type\":\"SearchAction\",\"target\":{\"@type\":\"EntryPoint\",\"urlTemplate\":\"https:\/\/karrotrecdurres.al\/?s={search_term_string}\"},\"query-input\":{\"@type\":\"PropertyValueSpecification\",\"valueRequired\":true,\"valueName\":\"search_term_string\"}}],\"inLanguage\":\"sq\"},{\"@type\":\"Organization\",\"@id\":\"https:\/\/karrotrecdurres.al\/#organization\",\"name\":\"Karrotrec Durres LORI\",\"url\":\"https:\/\/karrotrecdurres.al\/\",\"logo\":{\"@type\":\"ImageObject\",\"inLanguage\":\"sq\",\"@id\":\"https:\/\/karrotrecdurres.al\/#\/schema\/logo\/image\/\",\"url\":\"https:\/\/karrotrecdurres.al\/wp-content\/uploads\/2025\/05\/Blue-Yellow-Vintage-Retro-Tow-Truck-Service-Logo-4.png\",\"contentUrl\":\"https:\/\/karrotrecdurres.al\/wp-content\/uploads\/2025\/05\/Blue-Yellow-Vintage-Retro-Tow-Truck-Service-Logo-4.png\",\"width\":500,\"height\":500,\"caption\":\"Karrotrec Durres LORI\"},\"image\":{\"@id\":\"https:\/\/karrotrecdurres.al\/#\/schema\/logo\/image\/\"}}]}<\/script>\n<!-- \/ Yoast SEO plugin. -->","yoast_head_json":{"title":"Contact us - Karrotrec Durres LORI","robots":{"index":"index","follow":"follow","max-snippet":"max-snippet:-1","max-image-preview":"max-image-preview:large","max-video-preview":"max-video-preview:-1"},"canonical":"https:\/\/karrotrecdurres.al\/sq\/contact-us\/","og_locale":"sq_AL","og_type":"article","og_title":"Contact us - Karrotrec Durres LORI","og_description":"Contact Us We would love to hear from you. Contact information Where to find us We offer fast towing services throughout Durr\u00ebs and surrounding areas. LOCATIONAutoriteti Portual, Durres, Albania EMAIL US: durreskarrotrec@gmail.com CALL US +355 68 43 13 406","og_url":"https:\/\/karrotrecdurres.al\/sq\/contact-us\/","og_site_name":"Karrotrec Durres LORI","article_modified_time":"2025-06-04T12:55:01+00:00","twitter_card":"summary_large_image","schema":{"@context":"https:\/\/schema.org","@graph":[{"@type":"WebPage","@id":"https:\/\/karrotrecdurres.al\/contact-us\/","url":"https:\/\/karrotrecdurres.al\/contact-us\/","name":"Contact us - Karrotrec Durres LORI","isPartOf":{"@id":"https:\/\/karrotrecdurres.al\/#website"},"datePublished":"2025-05-28T13:26:16+00:00","dateModified":"2025-06-04T12:55:01+00:00","breadcrumb":{"@id":"https:\/\/karrotrecdurres.al\/contact-us\/#breadcrumb"},"inLanguage":"sq","potentialAction":[{"@type":"ReadAction","target":["https:\/\/karrotrecdurres.al\/contact-us\/"]}]},{"@type":"BreadcrumbList","@id":"https:\/\/karrotrecdurres.al\/contact-us\/#breadcrumb","itemListElement":[{"@type":"ListItem","position":1,"name":"Home","item":"https:\/\/karrotrecdurres.al\/"},{"@type":"ListItem","position":2,"name":"Contact us"}]},{"@type":"WebSite","@id":"https:\/\/karrotrecdurres.al\/#website","url":"https:\/\/karrotrecdurres.al\/","name":"Karrotrec Durres LORI","description":"","publisher":{"@id":"https:\/\/karrotrecdurres.al\/#organization"},"potentialAction":[{"@type":"SearchAction","target":{"@type":"EntryPoint","urlTemplate":"https:\/\/karrotrecdurres.al\/?s={search_term_string}"},"query-input":{"@type":"PropertyValueSpecification","valueRequired":true,"valueName":"search_term_string"}}],"inLanguage":"sq"},{"@type":"Organization","@id":"https:\/\/karrotrecdurres.al\/#organization","name":"Karrotrec Durres LORI","url":"https:\/\/karrotrecdurres.al\/","logo":{"@type":"ImageObject","inLanguage":"sq","@id":"https:\/\/karrotrecdurres.al\/#\/schema\/logo\/image\/","url":"https:\/\/karrotrecdurres.al\/wp-content\/uploads\/2025\/05\/Blue-Yellow-Vintage-Retro-Tow-Truck-Service-Logo-4.png","contentUrl":"https:\/\/karrotrecdurres.al\/wp-content\/uploads\/2025\/05\/Blue-Yellow-Vintage-Retro-Tow-Truck-Service-Logo-4.png","width":500,"height":500,"caption":"Karrotrec Durres LORI"},"image":{"@id":"https:\/\/karrotrecdurres.al\/#\/schema\/logo\/image\/"}}]}},"_links":{"self":[{"href":"https:\/\/karrotrecdurres.al\/sq\/wp-json\/wp\/v2\/pages\/16","targetHints":{"allow":["GET"]}}],"collection":[{"href":"https:\/\/karrotrecdurres.al\/sq\/wp-json\/wp\/v2\/pages"}],"about":[{"href":"https:\/\/karrotrecdurres.al\/sq\/wp-json\/wp\/v2\/types\/page"}],"author":[{"embeddable":true,"href":"https:\/\/karrotrecdurres.al\/sq\/wp-json\/wp\/v2\/users\/1"}],"replies":[{"embeddable":true,"href":"https:\/\/karrotrecdurres.al\/sq\/wp-json\/wp\/v2\/comments?post=16"}],"version-history":[{"count":16,"href":"https:\/\/karrotrecdurres.al\/sq\/wp-json\/wp\/v2\/pages\/16\/revisions"}],"predecessor-version":[{"id":415,"href":"https:\/\/karrotrecdurres.al\/sq\/wp-json\/wp\/v2\/pages\/16\/revisions\/415"}],"wp:attachment":[{"href":"https:\/\/karrotrecdurres.al\/sq\/wp-json\/wp\/v2\/media?parent=16"}],"curies":[{"name":"wp","href":"https:\/\/api.w.org\/{rel}","templated":true}]}}